{"id":287,"date":"2025-02-20T13:48:50","date_gmt":"2025-02-20T12:48:50","guid":{"rendered":"https:\/\/fr\u00fcnde-vum-kb.koeln\/?page_id=287"},"modified":"2025-03-08T17:59:11","modified_gmt":"2025-03-08T16:59:11","slug":"mitgliedschaft-fruenden-vum-kluuster-braeues","status":"publish","type":"page","link":"https:\/\/fr\u00fcnde-vum-kb.koeln\/?page_id=287","title":{"rendered":"Mitgliedschaft &#8220;Fr\u00fcnden vum Kluuster Br\u00e4ues&#8221;"},"content":{"rendered":"\n<p><\/p>\n\n\n\n<div class=\"wp-block-media-text is-stacked-on-mobile\"><figure class=\"wp-block-media-text__media\"><img loading=\"lazy\" decoding=\"async\" width=\"1024\" height=\"768\" src=\"https:\/\/fr\u00fcnde-vum-kb.koeln\/wp-content\/uploads\/2025\/02\/IMG-20250217-WA0008-Kopie-1024x768.jpg\" alt=\"\" class=\"wp-image-260 size-full\" srcset=\"https:\/\/fr\u00fcnde-vum-kb.koeln\/wp-content\/uploads\/2025\/02\/IMG-20250217-WA0008-Kopie-1024x768.jpg 1024w, https:\/\/fr\u00fcnde-vum-kb.koeln\/wp-content\/uploads\/2025\/02\/IMG-20250217-WA0008-Kopie-300x225.jpg 300w, https:\/\/fr\u00fcnde-vum-kb.koeln\/wp-content\/uploads\/2025\/02\/IMG-20250217-WA0008-Kopie-768x576.jpg 768w, https:\/\/fr\u00fcnde-vum-kb.koeln\/wp-content\/uploads\/2025\/02\/IMG-20250217-WA0008-Kopie-1536x1152.jpg 1536w, https:\/\/fr\u00fcnde-vum-kb.koeln\/wp-content\/uploads\/2025\/02\/IMG-20250217-WA0008-Kopie.jpg 1600w\" sizes=\"auto, (max-width: 767px) 89vw, (max-width: 1000px) 54vw, (max-width: 1071px) 543px, 580px\" \/><\/figure><div class=\"wp-block-media-text__content\">\n<p>Du bis ein Karnevals Jeck oder willst einer werden und Interessierst dich f\u00fcr die Belebung unseres Vedeel. Wir m\u00f6chten mit unserem Verein zum Erhalt der K\u00f6lschen Sprache beitragen.<\/p>\n\n\n\n<p>Haben wir dein Interesse geweckt?<br>Dann Treff uns doch einfach mal beim Stammtisch im Brauhaus am Kloster. <\/p>\n<\/div><\/div>\n\n\n\n<p>Die Termin werden wir in Zukunft Regelm\u00e4\u00dfig hier auf unserer Seite bekannt geben.<br><br>Gerne kannst du uns auch \u00fcber unser <strong><a href=\"https:\/\/fr\u00fcnde-vum-kb.koeln\/?page_id=171\" data-type=\"page\" data-id=\"171\">Kontaktformular<\/a> <\/strong>eine Nachricht zukommen lassen, wir werden uns dann schnellstm\u00f6glich bei dir Melden.<br><br>Gerne schicken wir dir unsere Satzung und einen Mitgliedsantrag zu, allerdings m\u00f6chten wir unsere neuen Mitglieder erst mal Pers\u00f6nlich kennen lernen.<\/p>\n\n\n\n<p>Ding Fr\u00fcnde vum Kluuster Br\u00e4ues<\/p>\n","protected":false},"excerpt":{"rendered":"<p>Du bis ein Karnevals Jeck oder willst einer werden und Interessierst dich f\u00fcr die Belebung unseres Vedeel. Wir m\u00f6chten mit unserem Verein zum Erhalt der K\u00f6lschen Sprache beitragen. Haben wir dein Interesse geweckt?Dann Treff uns doch einfach mal beim Stammtisch im Brauhaus am Kloster. Die Termin werden wir in Zukunft Regelm\u00e4\u00dfig hier auf unserer Seite &hellip; <\/p>\n<p class=\"link-more\"><a href=\"https:\/\/fr\u00fcnde-vum-kb.koeln\/?page_id=287\" class=\"more-link\"><span class=\"screen-reader-text\">\u201eMitgliedschaft &#8220;Fr\u00fcnden vum Kluuster Br\u00e4ues&#8221;\u201c <\/span>weiterlesen<\/a><\/p>\n","protected":false},"author":1,"featured_media":0,"parent":0,"menu_order":0,"comment_status":"closed","ping_status":"closed","template":"","meta":{"footnotes":""},"class_list":["post-287","page","type-page","status-publish","hentry"],"_links":{"self":[{"href":"https:\/\/fr\u00fcnde-vum-kb.koeln\/index.php?rest_route=\/wp\/v2\/pages\/287","targetHints":{"allow":["GET"]}}],"collection":[{"href":"https:\/\/fr\u00fcnde-vum-kb.koeln\/index.php?rest_route=\/wp\/v2\/pages"}],"about":[{"href":"https:\/\/fr\u00fcnde-vum-kb.koeln\/index.php?rest_route=\/wp\/v2\/types\/page"}],"author":[{"embeddable":true,"href":"https:\/\/fr\u00fcnde-vum-kb.koeln\/index.php?rest_route=\/wp\/v2\/users\/1"}],"replies":[{"embeddable":true,"href":"https:\/\/fr\u00fcnde-vum-kb.koeln\/index.php?rest_route=%2Fwp%2Fv2%2Fcomments&post=287"}],"version-history":[{"count":3,"href":"https:\/\/fr\u00fcnde-vum-kb.koeln\/index.php?rest_route=\/wp\/v2\/pages\/287\/revisions"}],"predecessor-version":[{"id":339,"href":"https:\/\/fr\u00fcnde-vum-kb.koeln\/index.php?rest_route=\/wp\/v2\/pages\/287\/revisions\/339"}],"wp:attachment":[{"href":"https:\/\/fr\u00fcnde-vum-kb.koeln\/index.php?rest_route=%2Fwp%2Fv2%2Fmedia&parent=287"}],"curies":[{"name":"wp","href":"https:\/\/api.w.org\/{rel}","templated":true}]}}