{"id":235,"date":"2025-02-19T11:08:19","date_gmt":"2025-02-19T10:08:19","guid":{"rendered":"https:\/\/fr\u00fcnde-vum-kb.koeln\/?page_id=235"},"modified":"2025-02-20T07:50:40","modified_gmt":"2025-02-20T06:50:40","slug":"ueber-uns","status":"publish","type":"page","link":"https:\/\/fr\u00fcnde-vum-kb.koeln\/?page_id=235","title":{"rendered":"\u00dcber uns"},"content":{"rendered":"\n<div class=\"wp-block-columns is-layout-flex wp-container-core-columns-is-layout-9d6595d7 wp-block-columns-is-layout-flex\">\n<div class=\"wp-block-column is-layout-flow wp-block-column-is-layout-flow\">\n<p>\u00dcber uns<\/p>\n<\/div>\n\n\n\n<div class=\"wp-block-column is-layout-flow wp-block-column-is-layout-flow\">\n<p class=\"has-text-align-right\"><a href=\"https:\/\/xn--frnde-vum-kb-elb.koeln\/?page_id=2\">Seite auf K\u00f6lsch<\/a><\/p>\n<\/div>\n<\/div>\n\n\n\n<p>Am 6. September 2024 hat sich eine Gruppe von Jecken zusammen gesetzt und sich gedacht: wir gr\u00fcnden einen Verein in K\u00f6ln-Raderberg. 11 Jecke haben eine Lustige Diskussion angefangen \u00fcber, was ziehen wir an, was nehmen wir als Vereinsfarbe und das wichtigste: Wie soll unser Name sein.<br><br>Nach den ersten Vorschl\u00e4gen stand der Name schlie\u00dflich: Fr\u00fcnde vum Klusterbr\u00e4ues. Auf die Fahne geschrieben haben wir uns das Brauchtum im Stadtteil wieder zu beleben und zu halten. Nach den ersten gemeinsamen Touren (ein Ausflug ins H\u00e4nneschen Theater mit anschlie\u00dfendem Besuch des Weihnachtsmarkt) geht es jetzt mit schnellen Schrittes auf Karneval zu, wo wir uns im Stadtteil engagieren m\u00f6chten.<br><br>Apropos engagieren: wenn ihr Lust habt bei der Gruppe von Jecken dabei zu sein, dann kommt doch einfach mal zu unserem Stammtisch. Der findet alle 14 Tage Freitags beim Toni im Brauhaus am Kloster auf der Br\u00fchler Stra\u00dfe statt. Oder sprecht uns einfach an.<br>Wir w\u00fcrden uns sehr dar\u00fcber freuen euch kennen zu Lernen.<\/p>\n\n\n\n<p>Apropos engagieren: wann ehr loss hat bei dem jecke schm\u00f6lzge och dobei zo Sinn. Dann kutt einfach op unsere Stammdesch. Immer alle 14 Dag Friedags beim T\u00fcnn em Brauhaus am Kloster, OP der Br\u00f6hlerstro\u00df. Od sprecht uns einfach aan. Mer d\u00e4te uns \u00e4rg freue \u00fcch kenne zu liere.<br><br>Eure \u201cFr\u00fcnde vum Kluusterbr\u00e4ues\u201d<\/p>\n","protected":false},"excerpt":{"rendered":"<p>\u00dcber uns Seite auf K\u00f6lsch Am 6. September 2024 hat sich eine Gruppe von Jecken zusammen gesetzt und sich gedacht: wir gr\u00fcnden einen Verein in K\u00f6ln-Raderberg. 11 Jecke haben eine Lustige Diskussion angefangen \u00fcber, was ziehen wir an, was nehmen wir als Vereinsfarbe und das wichtigste: Wie soll unser Name sein. Nach den ersten Vorschl\u00e4gen &hellip; <\/p>\n<p class=\"link-more\"><a href=\"https:\/\/fr\u00fcnde-vum-kb.koeln\/?page_id=235\" class=\"more-link\"><span class=\"screen-reader-text\">\u201e\u00dcber uns\u201c <\/span>weiterlesen<\/a><\/p>\n","protected":false},"author":2,"featured_media":0,"parent":0,"menu_order":0,"comment_status":"closed","ping_status":"closed","template":"","meta":{"footnotes":""},"class_list":["post-235","page","type-page","status-publish","hentry"],"_links":{"self":[{"href":"https:\/\/fr\u00fcnde-vum-kb.koeln\/index.php?rest_route=\/wp\/v2\/pages\/235","targetHints":{"allow":["GET"]}}],"collection":[{"href":"https:\/\/fr\u00fcnde-vum-kb.koeln\/index.php?rest_route=\/wp\/v2\/pages"}],"about":[{"href":"https:\/\/fr\u00fcnde-vum-kb.koeln\/index.php?rest_route=\/wp\/v2\/types\/page"}],"author":[{"embeddable":true,"href":"https:\/\/fr\u00fcnde-vum-kb.koeln\/index.php?rest_route=\/wp\/v2\/users\/2"}],"replies":[{"embeddable":true,"href":"https:\/\/fr\u00fcnde-vum-kb.koeln\/index.php?rest_route=%2Fwp%2Fv2%2Fcomments&post=235"}],"version-history":[{"count":4,"href":"https:\/\/fr\u00fcnde-vum-kb.koeln\/index.php?rest_route=\/wp\/v2\/pages\/235\/revisions"}],"predecessor-version":[{"id":273,"href":"https:\/\/fr\u00fcnde-vum-kb.koeln\/index.php?rest_route=\/wp\/v2\/pages\/235\/revisions\/273"}],"wp:attachment":[{"href":"https:\/\/fr\u00fcnde-vum-kb.koeln\/index.php?rest_route=%2Fwp%2Fv2%2Fmedia&parent=235"}],"curies":[{"name":"wp","href":"https:\/\/api.w.org\/{rel}","templated":true}]}}