{"id":2032,"date":"2025-11-19T10:25:42","date_gmt":"2025-11-19T09:25:42","guid":{"rendered":"https:\/\/fr\u00fcnde-vum-kb.koeln\/?page_id=2032"},"modified":"2025-11-19T10:35:41","modified_gmt":"2025-11-19T09:35:41","slug":"eroeffnung-vom-weihnachtsmarkt-am-hafen-am-14-11-2025","status":"publish","type":"page","link":"https:\/\/fr\u00fcnde-vum-kb.koeln\/?page_id=2032","title":{"rendered":"Er\u00f6ffnung vom Weihnachtsmarkt am Hafen"},"content":{"rendered":"\n<h1 class=\"wp-block-heading\">Er\u00f6ffnung vom Weihnachtsmarkt am Hafen<\/h1>\n\n\n\n<p class=\"has-text-align-right\"><a href=\"https:\/\/xn--frnde-vum-kb-elb.koeln\/?p=2024\">Op K\u00f6lsch<\/a><\/p>\n\n\n\n<p>Am Freitag ging es los.<\/p>\n\n\n\n<p>Wir haben uns zur Er\u00f6ffnung vom Weihnachtsmarkt am Hafen getroffen.<\/p>\n\n\n\n<p>Die Gruppe ging zun\u00e4chst \u00fcber den Markt und hat sich umgesehen.<\/p>\n\n\n\n<p>Einer aus der Gruppe (Rene) hatte Geburtstag und bekam einen Wichtel geschenkt.<\/p>\n\n\n\n<p>Nach einem leckeren Fischbr\u00f6tchen gab es auch etwas zu trinken. Nat\u00fcrlich Kinderpunsch (Tusch)<\/p>\n\n\n\n<p>Gl\u00fcckselig un mit Gl\u00fchwein gest\u00e4rkt ging es dann nach Hause.<\/p>\n\n\n\n<figure class=\"wp-block-gallery has-nested-images columns-default is-cropped wp-block-gallery-1 is-layout-flex wp-block-gallery-is-layout-flex\">\n<figure class=\"wp-block-image size-large\"><a href=\"https:\/\/fr\u00fcnde-vum-kb.koeln\/wp-content\/uploads\/2025\/11\/Hafenweihnachtsmarkt-Bild-1.jpg\"><img loading=\"lazy\" decoding=\"async\" width=\"768\" height=\"1024\" data-id=\"2025\" src=\"https:\/\/fr\u00fcnde-vum-kb.koeln\/wp-content\/uploads\/2025\/11\/Hafenweihnachtsmarkt-Bild-1-768x1024.jpg\" alt=\"\" class=\"wp-image-2025\" srcset=\"https:\/\/fr\u00fcnde-vum-kb.koeln\/wp-content\/uploads\/2025\/11\/Hafenweihnachtsmarkt-Bild-1-768x1024.jpg 768w, https:\/\/fr\u00fcnde-vum-kb.koeln\/wp-content\/uploads\/2025\/11\/Hafenweihnachtsmarkt-Bild-1-225x300.jpg 225w, https:\/\/fr\u00fcnde-vum-kb.koeln\/wp-content\/uploads\/2025\/11\/Hafenweihnachtsmarkt-Bild-1-1152x1536.jpg 1152w, https:\/\/fr\u00fcnde-vum-kb.koeln\/wp-content\/uploads\/2025\/11\/Hafenweihnachtsmarkt-Bild-1.jpg 1200w\" sizes=\"auto, (max-width: 767px) 89vw, (max-width: 1000px) 54vw, (max-width: 1071px) 543px, 580px\" \/><\/a><\/figure>\n\n\n\n<figure class=\"wp-block-image size-large\"><a href=\"https:\/\/fr\u00fcnde-vum-kb.koeln\/wp-content\/uploads\/2025\/11\/Hafenweihnachtsmarkt-Bild-2.jpg\"><img loading=\"lazy\" decoding=\"async\" width=\"1024\" height=\"768\" data-id=\"2026\" src=\"https:\/\/fr\u00fcnde-vum-kb.koeln\/wp-content\/uploads\/2025\/11\/Hafenweihnachtsmarkt-Bild-2-1024x768.jpg\" alt=\"\" class=\"wp-image-2026\" srcset=\"https:\/\/fr\u00fcnde-vum-kb.koeln\/wp-content\/uploads\/2025\/11\/Hafenweihnachtsmarkt-Bild-2-1024x768.jpg 1024w, https:\/\/fr\u00fcnde-vum-kb.koeln\/wp-content\/uploads\/2025\/11\/Hafenweihnachtsmarkt-Bild-2-300x225.jpg 300w, https:\/\/fr\u00fcnde-vum-kb.koeln\/wp-content\/uploads\/2025\/11\/Hafenweihnachtsmarkt-Bild-2-768x576.jpg 768w, https:\/\/fr\u00fcnde-vum-kb.koeln\/wp-content\/uploads\/2025\/11\/Hafenweihnachtsmarkt-Bild-2-1536x1152.jpg 1536w, https:\/\/fr\u00fcnde-vum-kb.koeln\/wp-content\/uploads\/2025\/11\/Hafenweihnachtsmarkt-Bild-2.jpg 1600w\" sizes=\"auto, (max-width: 767px) 89vw, (max-width: 1000px) 54vw, (max-width: 1071px) 543px, 580px\" \/><\/a><\/figure>\n<\/figure>\n","protected":false},"excerpt":{"rendered":"<p>Er\u00f6ffnung vom Weihnachtsmarkt am Hafen Op K\u00f6lsch Am Freitag ging es los. Wir haben uns zur Er\u00f6ffnung vom Weihnachtsmarkt am Hafen getroffen. Die Gruppe ging zun\u00e4chst \u00fcber den Markt und hat sich umgesehen. Einer aus der Gruppe (Rene) hatte Geburtstag und bekam einen Wichtel geschenkt. Nach einem leckeren Fischbr\u00f6tchen gab es auch etwas zu trinken. &hellip; <\/p>\n<p class=\"link-more\"><a href=\"https:\/\/fr\u00fcnde-vum-kb.koeln\/?page_id=2032\" class=\"more-link\"><span class=\"screen-reader-text\">\u201eEr\u00f6ffnung vom Weihnachtsmarkt am Hafen\u201c <\/span>weiterlesen<\/a><\/p>\n","protected":false},"author":1,"featured_media":0,"parent":0,"menu_order":0,"comment_status":"closed","ping_status":"closed","template":"","meta":{"footnotes":""},"class_list":["post-2032","page","type-page","status-publish","hentry"],"_links":{"self":[{"href":"https:\/\/fr\u00fcnde-vum-kb.koeln\/index.php?rest_route=\/wp\/v2\/pages\/2032","targetHints":{"allow":["GET"]}}],"collection":[{"href":"https:\/\/fr\u00fcnde-vum-kb.koeln\/index.php?rest_route=\/wp\/v2\/pages"}],"about":[{"href":"https:\/\/fr\u00fcnde-vum-kb.koeln\/index.php?rest_route=\/wp\/v2\/types\/page"}],"author":[{"embeddable":true,"href":"https:\/\/fr\u00fcnde-vum-kb.koeln\/index.php?rest_route=\/wp\/v2\/users\/1"}],"replies":[{"embeddable":true,"href":"https:\/\/fr\u00fcnde-vum-kb.koeln\/index.php?rest_route=%2Fwp%2Fv2%2Fcomments&post=2032"}],"version-history":[{"count":4,"href":"https:\/\/fr\u00fcnde-vum-kb.koeln\/index.php?rest_route=\/wp\/v2\/pages\/2032\/revisions"}],"predecessor-version":[{"id":2040,"href":"https:\/\/fr\u00fcnde-vum-kb.koeln\/index.php?rest_route=\/wp\/v2\/pages\/2032\/revisions\/2040"}],"wp:attachment":[{"href":"https:\/\/fr\u00fcnde-vum-kb.koeln\/index.php?rest_route=%2Fwp%2Fv2%2Fmedia&parent=2032"}],"curies":[{"name":"wp","href":"https:\/\/api.w.org\/{rel}","templated":true}]}}