{"id":2,"date":"2023-05-02T15:23:08","date_gmt":"2023-05-02T13:23:08","guid":{"rendered":"http:\/\/xn--frnde-vum-kb-elb.koeln\/?page_id=2"},"modified":"2025-02-20T07:47:56","modified_gmt":"2025-02-20T06:47:56","slug":"beispiel-seite","status":"publish","type":"page","link":"https:\/\/fr\u00fcnde-vum-kb.koeln\/?page_id=2","title":{"rendered":"\u00dcvver uns"},"content":{"rendered":"\n<div class=\"wp-block-columns is-layout-flex wp-container-core-columns-is-layout-9d6595d7 wp-block-columns-is-layout-flex\">\n<div class=\"wp-block-column is-layout-flow wp-block-column-is-layout-flow\">\n<div class=\"wp-block-columns is-layout-flex wp-container-core-columns-is-layout-9d6595d7 wp-block-columns-is-layout-flex\">\n<div class=\"wp-block-column is-layout-flow wp-block-column-is-layout-flow\">\n<p>\u00dcvver uns<\/p>\n<\/div>\n\n\n\n<div class=\"wp-block-column is-layout-flow wp-block-column-is-layout-flow\">\n<p class=\"has-text-align-right\"><a href=\"https:\/\/xn--frnde-vum-kb-elb.koeln\/?page_id=235\">Seite auf Deutsch<\/a><\/p>\n<\/div>\n<\/div>\n<\/div>\n<\/div>\n\n\n\n<p>Am 6. September 2024 h\u00e4tt sich e jeck Schm\u00f6lzche zosammegesetz un sich gedaach: Mer maache ne Verein op en K\u00f6ln Raderberg. 11 Jecke han ene l\u00f6stige Disk\u00f6\u00f6sch aangefange \u00f6ver, wat trecke mer aan, wat f\u00f6r en Vereinsf\u00e4rv gevve mer uns un ganz wichtig: Wie hei\u00dfe mer eigentlich?<\/p>\n\n\n\n<p>Noh der eeschte V\u00fcrschl\u00e4g stund der Name schlie\u00dflich: Fr\u00fcnde vum Kluusterbr\u00e4ues. Op de Fahn geschrievve han mer uns et Brauchtum em Veedel widder zu belevve un hu zo halde. Noh d\u00e4 eeschte gemeinsame klein Toure (ne Ausflug en et H\u00e4nnesche Thiater un Weihnachtsmaat Bes\u00f6\u00f6k donoh) gon mer jetz schnurstraks op der Fastelovend aan, wo mer uns em Veedel, mit dem Veedel engagiere wulle.<\/p>\n\n\n\n<p>Apropos engagiere: wann ehr loss hat bei dem jecke schm\u00f6lzge och dobei zo Sinn. Dann kutt einfach op unsere Stammdesch. Immer alle 14 Dag Friedags beim T\u00fcnn em Brauhaus am Kloster, OP der Br\u00f6hlerstro\u00df. Od sprecht uns einfach aan. Mer d\u00e4te uns \u00e4rg freue \u00fcch kenne zu liere.<\/p>\n\n\n\n<p>\u00dc\u00fcr \u201cFr\u00fcnde vum Kluusterbr\u00e4ues\u201d<\/p>\n\n\n\n<p><\/p>\n","protected":false},"excerpt":{"rendered":"<p>\u00dcvver uns Seite auf Deutsch Am 6. September 2024 h\u00e4tt sich e jeck Schm\u00f6lzche zosammegesetz un sich gedaach: Mer maache ne Verein op en K\u00f6ln Raderberg. 11 Jecke han ene l\u00f6stige Disk\u00f6\u00f6sch aangefange \u00f6ver, wat trecke mer aan, wat f\u00f6r en Vereinsf\u00e4rv gevve mer uns un ganz wichtig: Wie hei\u00dfe mer eigentlich? Noh der eeschte &hellip; <\/p>\n<p class=\"link-more\"><a href=\"https:\/\/fr\u00fcnde-vum-kb.koeln\/?page_id=2\" class=\"more-link\"><span class=\"screen-reader-text\">\u201e\u00dcvver uns\u201c <\/span>weiterlesen<\/a><\/p>\n","protected":false},"author":2,"featured_media":0,"parent":0,"menu_order":0,"comment_status":"closed","ping_status":"closed","template":"","meta":{"footnotes":""},"class_list":["post-2","page","type-page","status-publish","hentry"],"_links":{"self":[{"href":"https:\/\/fr\u00fcnde-vum-kb.koeln\/index.php?rest_route=\/wp\/v2\/pages\/2","targetHints":{"allow":["GET"]}}],"collection":[{"href":"https:\/\/fr\u00fcnde-vum-kb.koeln\/index.php?rest_route=\/wp\/v2\/pages"}],"about":[{"href":"https:\/\/fr\u00fcnde-vum-kb.koeln\/index.php?rest_route=\/wp\/v2\/types\/page"}],"author":[{"embeddable":true,"href":"https:\/\/fr\u00fcnde-vum-kb.koeln\/index.php?rest_route=\/wp\/v2\/users\/2"}],"replies":[{"embeddable":true,"href":"https:\/\/fr\u00fcnde-vum-kb.koeln\/index.php?rest_route=%2Fwp%2Fv2%2Fcomments&post=2"}],"version-history":[{"count":3,"href":"https:\/\/fr\u00fcnde-vum-kb.koeln\/index.php?rest_route=\/wp\/v2\/pages\/2\/revisions"}],"predecessor-version":[{"id":242,"href":"https:\/\/fr\u00fcnde-vum-kb.koeln\/index.php?rest_route=\/wp\/v2\/pages\/2\/revisions\/242"}],"wp:attachment":[{"href":"https:\/\/fr\u00fcnde-vum-kb.koeln\/index.php?rest_route=%2Fwp%2Fv2%2Fmedia&parent=2"}],"curies":[{"name":"wp","href":"https:\/\/api.w.org\/{rel}","templated":true}]}}