{"id":1981,"date":"2025-03-13T09:27:07","date_gmt":"2025-03-13T08:27:07","guid":{"rendered":"https:\/\/fr\u00fcnde-vum-kb.koeln\/?page_id=1981"},"modified":"2025-11-19T10:24:43","modified_gmt":"2025-11-19T09:24:43","slug":"paenz-party-mit-viel-gefuehl","status":"publish","type":"page","link":"https:\/\/fr\u00fcnde-vum-kb.koeln\/?page_id=1981","title":{"rendered":"P\u00e4nz-Party mit viel Gef\u00fchl!"},"content":{"rendered":"\n<h1 class=\"wp-block-heading\">P\u00e4nz-Party mit viel Gef\u00fchl!<\/h1>\n\n\n\n<div class=\"wp-block-columns is-layout-flex wp-container-core-columns-is-layout-9d6595d7 wp-block-columns-is-layout-flex\">\n<div class=\"wp-block-column is-layout-flow wp-block-column-is-layout-flow\"><\/div>\n\n\n\n<div class=\"wp-block-column is-layout-flow wp-block-column-is-layout-flow\">\n<p class=\"has-text-align-right\"><a href=\"https:\/\/xn--frnde-vum-kb-elb.koeln\/?p=340\">Op K\u00f6lsch<\/a><\/p>\n<\/div>\n<\/div>\n\n\n\n<p>Karneval bei den Fr\u00fcnde vum Kluuster Br\u00e4ues.<br><br>Was war das f\u00fcr eine Freude! Unsere P\u00e4nz-Party dieses Jahr ist ein richtiger Knaller gewesen. Mit viel Gef\u00fchl und K\u00fcsschen haben wir zusammen Karneval gefeiert, und die Kinder hatten alle viel Spa\u00df.<br><br>Zu erst haben wir uns bei der M\u00e4usejagt ausprobiert &#8211; da war richtig was los! Doch das war nur der Anfang. Wie es sich f\u00fcr eine echte Karnevalsgruppe geh\u00f6rt, haben wir dann alle zusammen eine Polon\u00e4se durch den ganzen Saal gemacht.<br><br>Der Luftballon-K\u00fcnstler Markus hat uns dann alle verzaubert &#8211; egal on ein Herz, ein Tier oder ein Flitzebogen, er hat alles aus Ballons gemacht. Und zwischen all den Verr\u00fccktem Treiben gab es auch eine kleine Ecke zum Malen, wo sich die Kinder Kreativ austoben konnten.<br><br>Mit Stopptanz haben wir die Tanzfl\u00e4che gerockt, und wenn die Musik ausgeschaltet wurde, Hat der ein oder andere aus versehen weiter Getanzt &#8211; aber alles mit viel Gef\u00fchl und gro\u00dfem Gel\u00e4chter.<br><br>Und was darf nicht fehlen? Bonbons! Nat\u00fcrlich haben wir auch kleine Str\u00e4u\u00dfe durch den Saal geworfen &#8211; das war ein Spektakel! F\u00fcr die kl\u00fcgeren Jecken hatten wir dann noch ein K\u00f6lsches R\u00e4tsel parat. Und die, die es Lesen konnten, haben sich einen Selbstgebackenen Keksorden verdient.<br><br>Wir sagen danke an alle kleinen und gro\u00dfen verr\u00fcckten, die mit uns gesungen, gelacht und gek\u00fcsst haben. So muss das sein! Wir k\u00f6nnen das n\u00e4chste Jahr kaum abwarten!<\/p>\n\n\n\n<figure class=\"wp-block-gallery has-nested-images columns-default is-cropped wp-block-gallery-1 is-layout-flex wp-block-gallery-is-layout-flex\"><div class=\"wp-block-image\">\n<figure class=\"aligncenter size-large\"><a href=\"https:\/\/fr\u00fcnde-vum-kb.koeln\/wp-content\/uploads\/2025\/03\/Paenz-Party-001-scaled.jpg\"><img loading=\"lazy\" decoding=\"async\" width=\"1024\" height=\"683\" data-id=\"372\" src=\"https:\/\/fr\u00fcnde-vum-kb.koeln\/wp-content\/uploads\/2025\/03\/Paenz-Party-001-1024x683.jpg\" alt=\"\" class=\"wp-image-372\" srcset=\"https:\/\/fr\u00fcnde-vum-kb.koeln\/wp-content\/uploads\/2025\/03\/Paenz-Party-001-1024x683.jpg 1024w, https:\/\/fr\u00fcnde-vum-kb.koeln\/wp-content\/uploads\/2025\/03\/Paenz-Party-001-300x200.jpg 300w, https:\/\/fr\u00fcnde-vum-kb.koeln\/wp-content\/uploads\/2025\/03\/Paenz-Party-001-768x512.jpg 768w, https:\/\/fr\u00fcnde-vum-kb.koeln\/wp-content\/uploads\/2025\/03\/Paenz-Party-001-1536x1024.jpg 1536w, https:\/\/fr\u00fcnde-vum-kb.koeln\/wp-content\/uploads\/2025\/03\/Paenz-Party-001-2048x1366.jpg 2048w\" sizes=\"auto, (max-width: 767px) 89vw, (max-width: 1000px) 54vw, (max-width: 1071px) 543px, 580px\" \/><\/a><figcaption class=\"wp-element-caption\">P\u00e4nz Party &#8211; Heinzelm\u00e4nnchen (Helferlein)<\/figcaption><\/figure>\n<\/div>\n\n\n<figure class=\"wp-block-image size-large\"><a href=\"https:\/\/fr\u00fcnde-vum-kb.koeln\/wp-content\/uploads\/2025\/03\/Paenz-Party-002-1-scaled.jpg\"><img loading=\"lazy\" decoding=\"async\" width=\"1024\" height=\"683\" data-id=\"384\" src=\"https:\/\/fr\u00fcnde-vum-kb.koeln\/wp-content\/uploads\/2025\/03\/Paenz-Party-002-1-1024x683.jpg\" alt=\"\" class=\"wp-image-384\" srcset=\"https:\/\/fr\u00fcnde-vum-kb.koeln\/wp-content\/uploads\/2025\/03\/Paenz-Party-002-1-1024x683.jpg 1024w, https:\/\/fr\u00fcnde-vum-kb.koeln\/wp-content\/uploads\/2025\/03\/Paenz-Party-002-1-300x200.jpg 300w, https:\/\/fr\u00fcnde-vum-kb.koeln\/wp-content\/uploads\/2025\/03\/Paenz-Party-002-1-768x512.jpg 768w, https:\/\/fr\u00fcnde-vum-kb.koeln\/wp-content\/uploads\/2025\/03\/Paenz-Party-002-1-1536x1024.jpg 1536w, https:\/\/fr\u00fcnde-vum-kb.koeln\/wp-content\/uploads\/2025\/03\/Paenz-Party-002-1-2048x1365.jpg 2048w\" sizes=\"auto, (max-width: 767px) 89vw, (max-width: 1000px) 54vw, (max-width: 1071px) 543px, 580px\" \/><\/a><\/figure>\n\n\n\n<figure class=\"wp-block-image size-large\"><a href=\"https:\/\/fr\u00fcnde-vum-kb.koeln\/wp-content\/uploads\/2025\/03\/Paenz-Party-003-scaled.jpg\"><img loading=\"lazy\" decoding=\"async\" width=\"1024\" height=\"683\" data-id=\"365\" src=\"https:\/\/fr\u00fcnde-vum-kb.koeln\/wp-content\/uploads\/2025\/03\/Paenz-Party-003-1024x683.jpg\" alt=\"\" class=\"wp-image-365\" srcset=\"https:\/\/fr\u00fcnde-vum-kb.koeln\/wp-content\/uploads\/2025\/03\/Paenz-Party-003-1024x683.jpg 1024w, https:\/\/fr\u00fcnde-vum-kb.koeln\/wp-content\/uploads\/2025\/03\/Paenz-Party-003-300x200.jpg 300w, https:\/\/fr\u00fcnde-vum-kb.koeln\/wp-content\/uploads\/2025\/03\/Paenz-Party-003-768x512.jpg 768w, https:\/\/fr\u00fcnde-vum-kb.koeln\/wp-content\/uploads\/2025\/03\/Paenz-Party-003-1536x1024.jpg 1536w, https:\/\/fr\u00fcnde-vum-kb.koeln\/wp-content\/uploads\/2025\/03\/Paenz-Party-003-2048x1366.jpg 2048w\" sizes=\"auto, (max-width: 767px) 89vw, (max-width: 1000px) 54vw, (max-width: 1071px) 543px, 580px\" \/><\/a><\/figure>\n\n\n\n<figure class=\"wp-block-image size-large\"><a href=\"https:\/\/fr\u00fcnde-vum-kb.koeln\/wp-content\/uploads\/2025\/03\/Paenz-Party-004-scaled.jpg\"><img loading=\"lazy\" decoding=\"async\" width=\"1024\" height=\"683\" data-id=\"368\" src=\"https:\/\/fr\u00fcnde-vum-kb.koeln\/wp-content\/uploads\/2025\/03\/Paenz-Party-004-1024x683.jpg\" alt=\"\" class=\"wp-image-368\" srcset=\"https:\/\/fr\u00fcnde-vum-kb.koeln\/wp-content\/uploads\/2025\/03\/Paenz-Party-004-1024x683.jpg 1024w, https:\/\/fr\u00fcnde-vum-kb.koeln\/wp-content\/uploads\/2025\/03\/Paenz-Party-004-300x200.jpg 300w, https:\/\/fr\u00fcnde-vum-kb.koeln\/wp-content\/uploads\/2025\/03\/Paenz-Party-004-768x512.jpg 768w, https:\/\/fr\u00fcnde-vum-kb.koeln\/wp-content\/uploads\/2025\/03\/Paenz-Party-004-1536x1024.jpg 1536w, https:\/\/fr\u00fcnde-vum-kb.koeln\/wp-content\/uploads\/2025\/03\/Paenz-Party-004-2048x1366.jpg 2048w\" sizes=\"auto, (max-width: 767px) 89vw, (max-width: 1000px) 54vw, (max-width: 1071px) 543px, 580px\" \/><\/a><\/figure>\n\n\n\n<figure class=\"wp-block-image size-large\"><a href=\"https:\/\/fr\u00fcnde-vum-kb.koeln\/wp-content\/uploads\/2025\/03\/Paenz-Party-005-scaled.jpg\"><img loading=\"lazy\" decoding=\"async\" width=\"1024\" height=\"683\" data-id=\"373\" src=\"https:\/\/fr\u00fcnde-vum-kb.koeln\/wp-content\/uploads\/2025\/03\/Paenz-Party-005-1024x683.jpg\" alt=\"\" class=\"wp-image-373\" srcset=\"https:\/\/fr\u00fcnde-vum-kb.koeln\/wp-content\/uploads\/2025\/03\/Paenz-Party-005-1024x683.jpg 1024w, https:\/\/fr\u00fcnde-vum-kb.koeln\/wp-content\/uploads\/2025\/03\/Paenz-Party-005-300x200.jpg 300w, https:\/\/fr\u00fcnde-vum-kb.koeln\/wp-content\/uploads\/2025\/03\/Paenz-Party-005-768x512.jpg 768w, https:\/\/fr\u00fcnde-vum-kb.koeln\/wp-content\/uploads\/2025\/03\/Paenz-Party-005-1536x1024.jpg 1536w, https:\/\/fr\u00fcnde-vum-kb.koeln\/wp-content\/uploads\/2025\/03\/Paenz-Party-005-2048x1365.jpg 2048w\" sizes=\"auto, (max-width: 767px) 89vw, (max-width: 1000px) 54vw, (max-width: 1071px) 543px, 580px\" \/><\/a><\/figure>\n\n\n\n<figure class=\"wp-block-image size-large\"><a href=\"https:\/\/fr\u00fcnde-vum-kb.koeln\/wp-content\/uploads\/2025\/03\/Paenz-Party-006-scaled.jpg\"><img loading=\"lazy\" decoding=\"async\" width=\"1024\" height=\"682\" data-id=\"370\" src=\"https:\/\/fr\u00fcnde-vum-kb.koeln\/wp-content\/uploads\/2025\/03\/Paenz-Party-006-1024x682.jpg\" alt=\"\" class=\"wp-image-370\" srcset=\"https:\/\/fr\u00fcnde-vum-kb.koeln\/wp-content\/uploads\/2025\/03\/Paenz-Party-006-1024x682.jpg 1024w, https:\/\/fr\u00fcnde-vum-kb.koeln\/wp-content\/uploads\/2025\/03\/Paenz-Party-006-300x200.jpg 300w, https:\/\/fr\u00fcnde-vum-kb.koeln\/wp-content\/uploads\/2025\/03\/Paenz-Party-006-768x512.jpg 768w, https:\/\/fr\u00fcnde-vum-kb.koeln\/wp-content\/uploads\/2025\/03\/Paenz-Party-006-1536x1024.jpg 1536w, https:\/\/fr\u00fcnde-vum-kb.koeln\/wp-content\/uploads\/2025\/03\/Paenz-Party-006-2048x1365.jpg 2048w\" sizes=\"auto, (max-width: 767px) 89vw, (max-width: 1000px) 54vw, (max-width: 1071px) 543px, 580px\" \/><\/a><\/figure>\n\n\n\n<figure class=\"wp-block-image size-large\"><a href=\"https:\/\/fr\u00fcnde-vum-kb.koeln\/wp-content\/uploads\/2025\/03\/Paenz-Party-007-scaled.jpg\"><img loading=\"lazy\" decoding=\"async\" width=\"1024\" height=\"683\" data-id=\"376\" src=\"https:\/\/fr\u00fcnde-vum-kb.koeln\/wp-content\/uploads\/2025\/03\/Paenz-Party-007-1024x683.jpg\" alt=\"\" class=\"wp-image-376\" srcset=\"https:\/\/fr\u00fcnde-vum-kb.koeln\/wp-content\/uploads\/2025\/03\/Paenz-Party-007-1024x683.jpg 1024w, https:\/\/fr\u00fcnde-vum-kb.koeln\/wp-content\/uploads\/2025\/03\/Paenz-Party-007-300x200.jpg 300w, https:\/\/fr\u00fcnde-vum-kb.koeln\/wp-content\/uploads\/2025\/03\/Paenz-Party-007-768x512.jpg 768w, https:\/\/fr\u00fcnde-vum-kb.koeln\/wp-content\/uploads\/2025\/03\/Paenz-Party-007-1536x1024.jpg 1536w, https:\/\/fr\u00fcnde-vum-kb.koeln\/wp-content\/uploads\/2025\/03\/Paenz-Party-007-2048x1365.jpg 2048w\" sizes=\"auto, (max-width: 767px) 89vw, (max-width: 1000px) 54vw, (max-width: 1071px) 543px, 580px\" \/><\/a><\/figure>\n\n\n\n<figure class=\"wp-block-image size-large\"><a href=\"https:\/\/fr\u00fcnde-vum-kb.koeln\/wp-content\/uploads\/2025\/03\/Paenz-Party-008-scaled.jpg\"><img loading=\"lazy\" decoding=\"async\" width=\"1024\" height=\"683\" data-id=\"366\" src=\"https:\/\/fr\u00fcnde-vum-kb.koeln\/wp-content\/uploads\/2025\/03\/Paenz-Party-008-1024x683.jpg\" alt=\"\" class=\"wp-image-366\" srcset=\"https:\/\/fr\u00fcnde-vum-kb.koeln\/wp-content\/uploads\/2025\/03\/Paenz-Party-008-1024x683.jpg 1024w, https:\/\/fr\u00fcnde-vum-kb.koeln\/wp-content\/uploads\/2025\/03\/Paenz-Party-008-300x200.jpg 300w, https:\/\/fr\u00fcnde-vum-kb.koeln\/wp-content\/uploads\/2025\/03\/Paenz-Party-008-768x512.jpg 768w, https:\/\/fr\u00fcnde-vum-kb.koeln\/wp-content\/uploads\/2025\/03\/Paenz-Party-008-1536x1024.jpg 1536w, https:\/\/fr\u00fcnde-vum-kb.koeln\/wp-content\/uploads\/2025\/03\/Paenz-Party-008-2048x1366.jpg 2048w\" sizes=\"auto, (max-width: 767px) 89vw, (max-width: 1000px) 54vw, (max-width: 1071px) 543px, 580px\" \/><\/a><\/figure>\n\n\n\n<figure class=\"wp-block-image size-large\"><a href=\"https:\/\/fr\u00fcnde-vum-kb.koeln\/wp-content\/uploads\/2025\/03\/Paenz-Party-009-scaled.jpg\"><img loading=\"lazy\" decoding=\"async\" width=\"1024\" height=\"683\" data-id=\"369\" src=\"https:\/\/fr\u00fcnde-vum-kb.koeln\/wp-content\/uploads\/2025\/03\/Paenz-Party-009-1024x683.jpg\" alt=\"\" class=\"wp-image-369\" srcset=\"https:\/\/fr\u00fcnde-vum-kb.koeln\/wp-content\/uploads\/2025\/03\/Paenz-Party-009-1024x683.jpg 1024w, https:\/\/fr\u00fcnde-vum-kb.koeln\/wp-content\/uploads\/2025\/03\/Paenz-Party-009-300x200.jpg 300w, https:\/\/fr\u00fcnde-vum-kb.koeln\/wp-content\/uploads\/2025\/03\/Paenz-Party-009-768x512.jpg 768w, https:\/\/fr\u00fcnde-vum-kb.koeln\/wp-content\/uploads\/2025\/03\/Paenz-Party-009-1536x1024.jpg 1536w, https:\/\/fr\u00fcnde-vum-kb.koeln\/wp-content\/uploads\/2025\/03\/Paenz-Party-009-2048x1365.jpg 2048w\" sizes=\"auto, (max-width: 767px) 89vw, (max-width: 1000px) 54vw, (max-width: 1071px) 543px, 580px\" \/><\/a><\/figure>\n\n\n\n<figure class=\"wp-block-image size-large\"><a href=\"https:\/\/fr\u00fcnde-vum-kb.koeln\/wp-content\/uploads\/2025\/03\/Paenz-Party-010-scaled.jpg\"><img loading=\"lazy\" decoding=\"async\" width=\"1024\" height=\"682\" data-id=\"371\" src=\"https:\/\/fr\u00fcnde-vum-kb.koeln\/wp-content\/uploads\/2025\/03\/Paenz-Party-010-1024x682.jpg\" alt=\"\" class=\"wp-image-371\" srcset=\"https:\/\/fr\u00fcnde-vum-kb.koeln\/wp-content\/uploads\/2025\/03\/Paenz-Party-010-1024x682.jpg 1024w, https:\/\/fr\u00fcnde-vum-kb.koeln\/wp-content\/uploads\/2025\/03\/Paenz-Party-010-300x200.jpg 300w, https:\/\/fr\u00fcnde-vum-kb.koeln\/wp-content\/uploads\/2025\/03\/Paenz-Party-010-768x512.jpg 768w, https:\/\/fr\u00fcnde-vum-kb.koeln\/wp-content\/uploads\/2025\/03\/Paenz-Party-010-1536x1024.jpg 1536w, https:\/\/fr\u00fcnde-vum-kb.koeln\/wp-content\/uploads\/2025\/03\/Paenz-Party-010-2048x1365.jpg 2048w\" sizes=\"auto, (max-width: 767px) 89vw, (max-width: 1000px) 54vw, (max-width: 1071px) 543px, 580px\" \/><\/a><\/figure>\n\n\n\n<figure class=\"wp-block-image size-large\"><a href=\"https:\/\/fr\u00fcnde-vum-kb.koeln\/wp-content\/uploads\/2025\/03\/Paenz-Party-011-scaled.jpg\"><img loading=\"lazy\" decoding=\"async\" width=\"1024\" height=\"683\" data-id=\"377\" src=\"https:\/\/fr\u00fcnde-vum-kb.koeln\/wp-content\/uploads\/2025\/03\/Paenz-Party-011-1024x683.jpg\" alt=\"\" class=\"wp-image-377\" srcset=\"https:\/\/fr\u00fcnde-vum-kb.koeln\/wp-content\/uploads\/2025\/03\/Paenz-Party-011-1024x683.jpg 1024w, https:\/\/fr\u00fcnde-vum-kb.koeln\/wp-content\/uploads\/2025\/03\/Paenz-Party-011-300x200.jpg 300w, https:\/\/fr\u00fcnde-vum-kb.koeln\/wp-content\/uploads\/2025\/03\/Paenz-Party-011-768x512.jpg 768w, https:\/\/fr\u00fcnde-vum-kb.koeln\/wp-content\/uploads\/2025\/03\/Paenz-Party-011-1536x1024.jpg 1536w, https:\/\/fr\u00fcnde-vum-kb.koeln\/wp-content\/uploads\/2025\/03\/Paenz-Party-011-2048x1366.jpg 2048w\" sizes=\"auto, (max-width: 767px) 89vw, (max-width: 1000px) 54vw, (max-width: 1071px) 543px, 580px\" \/><\/a><\/figure>\n\n\n\n<figure class=\"wp-block-image size-large\"><a href=\"https:\/\/fr\u00fcnde-vum-kb.koeln\/wp-content\/uploads\/2025\/03\/Paenz-Party-012-scaled.jpg\"><img loading=\"lazy\" decoding=\"async\" width=\"683\" height=\"1024\" data-id=\"379\" src=\"https:\/\/fr\u00fcnde-vum-kb.koeln\/wp-content\/uploads\/2025\/03\/Paenz-Party-012-683x1024.jpg\" alt=\"\" class=\"wp-image-379\" srcset=\"https:\/\/fr\u00fcnde-vum-kb.koeln\/wp-content\/uploads\/2025\/03\/Paenz-Party-012-683x1024.jpg 683w, https:\/\/fr\u00fcnde-vum-kb.koeln\/wp-content\/uploads\/2025\/03\/Paenz-Party-012-200x300.jpg 200w, https:\/\/fr\u00fcnde-vum-kb.koeln\/wp-content\/uploads\/2025\/03\/Paenz-Party-012-768x1152.jpg 768w, https:\/\/fr\u00fcnde-vum-kb.koeln\/wp-content\/uploads\/2025\/03\/Paenz-Party-012-1024x1536.jpg 1024w, https:\/\/fr\u00fcnde-vum-kb.koeln\/wp-content\/uploads\/2025\/03\/Paenz-Party-012-1365x2048.jpg 1365w, https:\/\/fr\u00fcnde-vum-kb.koeln\/wp-content\/uploads\/2025\/03\/Paenz-Party-012-scaled.jpg 1707w\" sizes=\"auto, (max-width: 683px) 100vw, 683px\" \/><\/a><\/figure>\n\n\n\n<figure class=\"wp-block-image size-large\"><a href=\"https:\/\/fr\u00fcnde-vum-kb.koeln\/wp-content\/uploads\/2025\/03\/Paenz-Party-013-scaled.jpg\"><img loading=\"lazy\" decoding=\"async\" width=\"683\" height=\"1024\" data-id=\"381\" src=\"https:\/\/fr\u00fcnde-vum-kb.koeln\/wp-content\/uploads\/2025\/03\/Paenz-Party-013-683x1024.jpg\" alt=\"\" class=\"wp-image-381\" srcset=\"https:\/\/fr\u00fcnde-vum-kb.koeln\/wp-content\/uploads\/2025\/03\/Paenz-Party-013-683x1024.jpg 683w, https:\/\/fr\u00fcnde-vum-kb.koeln\/wp-content\/uploads\/2025\/03\/Paenz-Party-013-200x300.jpg 200w, https:\/\/fr\u00fcnde-vum-kb.koeln\/wp-content\/uploads\/2025\/03\/Paenz-Party-013-768x1152.jpg 768w, https:\/\/fr\u00fcnde-vum-kb.koeln\/wp-content\/uploads\/2025\/03\/Paenz-Party-013-1024x1536.jpg 1024w, https:\/\/fr\u00fcnde-vum-kb.koeln\/wp-content\/uploads\/2025\/03\/Paenz-Party-013-1365x2048.jpg 1365w, https:\/\/fr\u00fcnde-vum-kb.koeln\/wp-content\/uploads\/2025\/03\/Paenz-Party-013-scaled.jpg 1707w\" sizes=\"auto, (max-width: 683px) 100vw, 683px\" \/><\/a><\/figure>\n\n\n\n<figure class=\"wp-block-image size-large\"><a href=\"https:\/\/fr\u00fcnde-vum-kb.koeln\/wp-content\/uploads\/2025\/03\/Paenz-Party-014-scaled.jpg\"><img loading=\"lazy\" decoding=\"async\" width=\"683\" height=\"1024\" data-id=\"382\" src=\"https:\/\/fr\u00fcnde-vum-kb.koeln\/wp-content\/uploads\/2025\/03\/Paenz-Party-014-683x1024.jpg\" alt=\"\" class=\"wp-image-382\" srcset=\"https:\/\/fr\u00fcnde-vum-kb.koeln\/wp-content\/uploads\/2025\/03\/Paenz-Party-014-683x1024.jpg 683w, https:\/\/fr\u00fcnde-vum-kb.koeln\/wp-content\/uploads\/2025\/03\/Paenz-Party-014-200x300.jpg 200w, https:\/\/fr\u00fcnde-vum-kb.koeln\/wp-content\/uploads\/2025\/03\/Paenz-Party-014-768x1152.jpg 768w, https:\/\/fr\u00fcnde-vum-kb.koeln\/wp-content\/uploads\/2025\/03\/Paenz-Party-014-1024x1536.jpg 1024w, https:\/\/fr\u00fcnde-vum-kb.koeln\/wp-content\/uploads\/2025\/03\/Paenz-Party-014-1365x2048.jpg 1365w, https:\/\/fr\u00fcnde-vum-kb.koeln\/wp-content\/uploads\/2025\/03\/Paenz-Party-014-scaled.jpg 1707w\" sizes=\"auto, (max-width: 683px) 100vw, 683px\" \/><\/a><\/figure>\n\n\n\n<figure class=\"wp-block-image size-large\"><a href=\"https:\/\/fr\u00fcnde-vum-kb.koeln\/wp-content\/uploads\/2025\/03\/Paenz-Party-015-scaled.jpg\"><img loading=\"lazy\" decoding=\"async\" width=\"1024\" height=\"683\" data-id=\"383\" src=\"https:\/\/fr\u00fcnde-vum-kb.koeln\/wp-content\/uploads\/2025\/03\/Paenz-Party-015-1024x683.jpg\" alt=\"\" class=\"wp-image-383\" srcset=\"https:\/\/fr\u00fcnde-vum-kb.koeln\/wp-content\/uploads\/2025\/03\/Paenz-Party-015-1024x683.jpg 1024w, https:\/\/fr\u00fcnde-vum-kb.koeln\/wp-content\/uploads\/2025\/03\/Paenz-Party-015-300x200.jpg 300w, https:\/\/fr\u00fcnde-vum-kb.koeln\/wp-content\/uploads\/2025\/03\/Paenz-Party-015-768x512.jpg 768w, https:\/\/fr\u00fcnde-vum-kb.koeln\/wp-content\/uploads\/2025\/03\/Paenz-Party-015-1536x1024.jpg 1536w, https:\/\/fr\u00fcnde-vum-kb.koeln\/wp-content\/uploads\/2025\/03\/Paenz-Party-015-2048x1365.jpg 2048w\" sizes=\"auto, (max-width: 767px) 89vw, (max-width: 1000px) 54vw, (max-width: 1071px) 543px, 580px\" \/><\/a><\/figure>\n\n\n\n<figure class=\"wp-block-image size-large\"><a href=\"https:\/\/fr\u00fcnde-vum-kb.koeln\/wp-content\/uploads\/2025\/03\/Paenz-Party-016-scaled.jpg\"><img loading=\"lazy\" decoding=\"async\" width=\"1024\" height=\"683\" data-id=\"374\" src=\"https:\/\/fr\u00fcnde-vum-kb.koeln\/wp-content\/uploads\/2025\/03\/Paenz-Party-016-1024x683.jpg\" alt=\"\" class=\"wp-image-374\" srcset=\"https:\/\/fr\u00fcnde-vum-kb.koeln\/wp-content\/uploads\/2025\/03\/Paenz-Party-016-1024x683.jpg 1024w, https:\/\/fr\u00fcnde-vum-kb.koeln\/wp-content\/uploads\/2025\/03\/Paenz-Party-016-300x200.jpg 300w, https:\/\/fr\u00fcnde-vum-kb.koeln\/wp-content\/uploads\/2025\/03\/Paenz-Party-016-768x512.jpg 768w, https:\/\/fr\u00fcnde-vum-kb.koeln\/wp-content\/uploads\/2025\/03\/Paenz-Party-016-1536x1024.jpg 1536w, https:\/\/fr\u00fcnde-vum-kb.koeln\/wp-content\/uploads\/2025\/03\/Paenz-Party-016-2048x1366.jpg 2048w\" sizes=\"auto, (max-width: 767px) 89vw, (max-width: 1000px) 54vw, (max-width: 1071px) 543px, 580px\" \/><\/a><\/figure>\n\n\n\n<figure class=\"wp-block-image size-large\"><a href=\"https:\/\/fr\u00fcnde-vum-kb.koeln\/wp-content\/uploads\/2025\/03\/Paenz-Party-017-scaled.jpg\"><img loading=\"lazy\" decoding=\"async\" width=\"1024\" height=\"683\" data-id=\"367\" src=\"https:\/\/fr\u00fcnde-vum-kb.koeln\/wp-content\/uploads\/2025\/03\/Paenz-Party-017-1024x683.jpg\" alt=\"\" class=\"wp-image-367\" srcset=\"https:\/\/fr\u00fcnde-vum-kb.koeln\/wp-content\/uploads\/2025\/03\/Paenz-Party-017-1024x683.jpg 1024w, https:\/\/fr\u00fcnde-vum-kb.koeln\/wp-content\/uploads\/2025\/03\/Paenz-Party-017-300x200.jpg 300w, https:\/\/fr\u00fcnde-vum-kb.koeln\/wp-content\/uploads\/2025\/03\/Paenz-Party-017-768x512.jpg 768w, https:\/\/fr\u00fcnde-vum-kb.koeln\/wp-content\/uploads\/2025\/03\/Paenz-Party-017-1536x1024.jpg 1536w, https:\/\/fr\u00fcnde-vum-kb.koeln\/wp-content\/uploads\/2025\/03\/Paenz-Party-017-2048x1365.jpg 2048w\" sizes=\"auto, (max-width: 767px) 89vw, (max-width: 1000px) 54vw, (max-width: 1071px) 543px, 580px\" \/><\/a><\/figure>\n\n\n\n<figure class=\"wp-block-image size-large\"><a href=\"https:\/\/fr\u00fcnde-vum-kb.koeln\/wp-content\/uploads\/2025\/03\/Paenz-Party-018-scaled.jpg\"><img loading=\"lazy\" decoding=\"async\" width=\"1024\" height=\"683\" data-id=\"375\" src=\"https:\/\/fr\u00fcnde-vum-kb.koeln\/wp-content\/uploads\/2025\/03\/Paenz-Party-018-1024x683.jpg\" alt=\"\" class=\"wp-image-375\" srcset=\"https:\/\/fr\u00fcnde-vum-kb.koeln\/wp-content\/uploads\/2025\/03\/Paenz-Party-018-1024x683.jpg 1024w, https:\/\/fr\u00fcnde-vum-kb.koeln\/wp-content\/uploads\/2025\/03\/Paenz-Party-018-300x200.jpg 300w, https:\/\/fr\u00fcnde-vum-kb.koeln\/wp-content\/uploads\/2025\/03\/Paenz-Party-018-768x512.jpg 768w, https:\/\/fr\u00fcnde-vum-kb.koeln\/wp-content\/uploads\/2025\/03\/Paenz-Party-018-1536x1024.jpg 1536w, https:\/\/fr\u00fcnde-vum-kb.koeln\/wp-content\/uploads\/2025\/03\/Paenz-Party-018-2048x1365.jpg 2048w\" sizes=\"auto, (max-width: 767px) 89vw, (max-width: 1000px) 54vw, (max-width: 1071px) 543px, 580px\" \/><\/a><\/figure>\n\n\n\n<figure class=\"wp-block-image size-large\"><a href=\"https:\/\/fr\u00fcnde-vum-kb.koeln\/wp-content\/uploads\/2025\/03\/Paenz-Party-019-scaled.jpg\"><img loading=\"lazy\" decoding=\"async\" width=\"1024\" height=\"683\" data-id=\"380\" src=\"https:\/\/fr\u00fcnde-vum-kb.koeln\/wp-content\/uploads\/2025\/03\/Paenz-Party-019-1024x683.jpg\" alt=\"\" class=\"wp-image-380\" srcset=\"https:\/\/fr\u00fcnde-vum-kb.koeln\/wp-content\/uploads\/2025\/03\/Paenz-Party-019-1024x683.jpg 1024w, https:\/\/fr\u00fcnde-vum-kb.koeln\/wp-content\/uploads\/2025\/03\/Paenz-Party-019-300x200.jpg 300w, https:\/\/fr\u00fcnde-vum-kb.koeln\/wp-content\/uploads\/2025\/03\/Paenz-Party-019-768x512.jpg 768w, https:\/\/fr\u00fcnde-vum-kb.koeln\/wp-content\/uploads\/2025\/03\/Paenz-Party-019-1536x1024.jpg 1536w, https:\/\/fr\u00fcnde-vum-kb.koeln\/wp-content\/uploads\/2025\/03\/Paenz-Party-019-2048x1365.jpg 2048w\" sizes=\"auto, (max-width: 767px) 89vw, (max-width: 1000px) 54vw, (max-width: 1071px) 543px, 580px\" \/><\/a><\/figure>\n\n\n\n<figure class=\"wp-block-image size-large\"><a href=\"https:\/\/fr\u00fcnde-vum-kb.koeln\/wp-content\/uploads\/2025\/03\/Paenz-Party-020-scaled.jpg\"><img loading=\"lazy\" decoding=\"async\" width=\"1024\" height=\"683\" data-id=\"378\" src=\"https:\/\/fr\u00fcnde-vum-kb.koeln\/wp-content\/uploads\/2025\/03\/Paenz-Party-020-1024x683.jpg\" alt=\"\" class=\"wp-image-378\" srcset=\"https:\/\/fr\u00fcnde-vum-kb.koeln\/wp-content\/uploads\/2025\/03\/Paenz-Party-020-1024x683.jpg 1024w, https:\/\/fr\u00fcnde-vum-kb.koeln\/wp-content\/uploads\/2025\/03\/Paenz-Party-020-300x200.jpg 300w, https:\/\/fr\u00fcnde-vum-kb.koeln\/wp-content\/uploads\/2025\/03\/Paenz-Party-020-768x512.jpg 768w, https:\/\/fr\u00fcnde-vum-kb.koeln\/wp-content\/uploads\/2025\/03\/Paenz-Party-020-1536x1024.jpg 1536w, https:\/\/fr\u00fcnde-vum-kb.koeln\/wp-content\/uploads\/2025\/03\/Paenz-Party-020-2048x1366.jpg 2048w\" sizes=\"auto, (max-width: 767px) 89vw, (max-width: 1000px) 54vw, (max-width: 1071px) 543px, 580px\" \/><\/a><\/figure>\n<\/figure>\n","protected":false},"excerpt":{"rendered":"<p>P\u00e4nz-Party mit viel Gef\u00fchl! Op K\u00f6lsch Karneval bei den Fr\u00fcnde vum Kluuster Br\u00e4ues. Was war das f\u00fcr eine Freude! Unsere P\u00e4nz-Party dieses Jahr ist ein richtiger Knaller gewesen. Mit viel Gef\u00fchl und K\u00fcsschen haben wir zusammen Karneval gefeiert, und die Kinder hatten alle viel Spa\u00df. Zu erst haben wir uns bei der M\u00e4usejagt ausprobiert &#8211; &hellip; <\/p>\n<p class=\"link-more\"><a href=\"https:\/\/fr\u00fcnde-vum-kb.koeln\/?page_id=1981\" class=\"more-link\"><span class=\"screen-reader-text\">\u201eP\u00e4nz-Party mit viel Gef\u00fchl!\u201c <\/span>weiterlesen<\/a><\/p>\n","protected":false},"author":2,"featured_media":0,"parent":0,"menu_order":0,"comment_status":"closed","ping_status":"closed","template":"","meta":{"footnotes":""},"class_list":["post-1981","page","type-page","status-publish","hentry"],"_links":{"self":[{"href":"https:\/\/fr\u00fcnde-vum-kb.koeln\/index.php?rest_route=\/wp\/v2\/pages\/1981","targetHints":{"allow":["GET"]}}],"collection":[{"href":"https:\/\/fr\u00fcnde-vum-kb.koeln\/index.php?rest_route=\/wp\/v2\/pages"}],"about":[{"href":"https:\/\/fr\u00fcnde-vum-kb.koeln\/index.php?rest_route=\/wp\/v2\/types\/page"}],"author":[{"embeddable":true,"href":"https:\/\/fr\u00fcnde-vum-kb.koeln\/index.php?rest_route=\/wp\/v2\/users\/2"}],"replies":[{"embeddable":true,"href":"https:\/\/fr\u00fcnde-vum-kb.koeln\/index.php?rest_route=%2Fwp%2Fv2%2Fcomments&post=1981"}],"version-history":[{"count":9,"href":"https:\/\/fr\u00fcnde-vum-kb.koeln\/index.php?rest_route=\/wp\/v2\/pages\/1981\/revisions"}],"predecessor-version":[{"id":1999,"href":"https:\/\/fr\u00fcnde-vum-kb.koeln\/index.php?rest_route=\/wp\/v2\/pages\/1981\/revisions\/1999"}],"wp:attachment":[{"href":"https:\/\/fr\u00fcnde-vum-kb.koeln\/index.php?rest_route=%2Fwp%2Fv2%2Fmedia&parent=1981"}],"curies":[{"name":"wp","href":"https:\/\/api.w.org\/{rel}","templated":true}]}}