{"id":1959,"date":"2025-03-12T09:44:27","date_gmt":"2025-03-12T08:44:27","guid":{"rendered":"https:\/\/fr\u00fcnde-vum-kb.koeln\/?page_id=1959"},"modified":"2025-03-12T09:44:27","modified_gmt":"2025-03-12T08:44:27","slug":"wieverfastelovend-mir-fiere-met-de-paenz","status":"publish","type":"page","link":"https:\/\/fr\u00fcnde-vum-kb.koeln\/?page_id=1959","title":{"rendered":"Wieverfastelovend &#8220;Mir Fiere met de P\u00e4nz&#8221;"},"content":{"rendered":"\n<p>Unsere P\u00e4nz Party geht in die zweite Runde.<br>Derzeit befinden wir uns noch in der Planung f\u00fcr unsere Veranstaltung am 12. Februar 2026.<br>Sobald es mehr Infos gibt erfahrt ihr das auf dieser Seite.<\/p>\n\n\n\n<p>\u00dc\u00fcr Fr\u00fcnde vum Kluuster Br\u00e4ues<\/p>\n","protected":false},"excerpt":{"rendered":"<p>Unsere P\u00e4nz Party geht in die zweite Runde.Derzeit befinden wir uns noch in der Planung f\u00fcr unsere Veranstaltung am 12. Februar 2026.Sobald es mehr Infos gibt erfahrt ihr das auf dieser Seite. \u00dc\u00fcr Fr\u00fcnde vum Kluuster Br\u00e4ues<\/p>\n","protected":false},"author":2,"featured_media":0,"parent":0,"menu_order":0,"comment_status":"closed","ping_status":"closed","template":"","meta":{"footnotes":""},"class_list":["post-1959","page","type-page","status-publish","hentry"],"_links":{"self":[{"href":"https:\/\/fr\u00fcnde-vum-kb.koeln\/index.php?rest_route=\/wp\/v2\/pages\/1959","targetHints":{"allow":["GET"]}}],"collection":[{"href":"https:\/\/fr\u00fcnde-vum-kb.koeln\/index.php?rest_route=\/wp\/v2\/pages"}],"about":[{"href":"https:\/\/fr\u00fcnde-vum-kb.koeln\/index.php?rest_route=\/wp\/v2\/types\/page"}],"author":[{"embeddable":true,"href":"https:\/\/fr\u00fcnde-vum-kb.koeln\/index.php?rest_route=\/wp\/v2\/users\/2"}],"replies":[{"embeddable":true,"href":"https:\/\/fr\u00fcnde-vum-kb.koeln\/index.php?rest_route=%2Fwp%2Fv2%2Fcomments&post=1959"}],"version-history":[{"count":1,"href":"https:\/\/fr\u00fcnde-vum-kb.koeln\/index.php?rest_route=\/wp\/v2\/pages\/1959\/revisions"}],"predecessor-version":[{"id":1960,"href":"https:\/\/fr\u00fcnde-vum-kb.koeln\/index.php?rest_route=\/wp\/v2\/pages\/1959\/revisions\/1960"}],"wp:attachment":[{"href":"https:\/\/fr\u00fcnde-vum-kb.koeln\/index.php?rest_route=%2Fwp%2Fv2%2Fmedia&parent=1959"}],"curies":[{"name":"wp","href":"https:\/\/api.w.org\/{rel}","templated":true}]}}