{"id":130,"date":"2025-02-17T14:49:34","date_gmt":"2025-02-17T13:49:34","guid":{"rendered":"https:\/\/fr\u00fcnde-vum-kb.koeln\/?page_id=130"},"modified":"2025-02-17T14:52:15","modified_gmt":"2025-02-17T13:52:15","slug":"impressum","status":"publish","type":"page","link":"https:\/\/fr\u00fcnde-vum-kb.koeln\/?page_id=130","title":{"rendered":"Impressum"},"content":{"rendered":"\n<p>Vorl\u00e4ufiges Impressum bis zur Registrierung des Verein.<\/p>\n\n\n\n<h4 class=\"wp-block-heading\"><strong>Angaben gem\u00e4\u00df \u00a7 5 TMG<\/strong><\/h4>\n\n\n\n<p>Fr\u00fcnde vum Kluusterbr\u00e4ues e.V.<br>Stra\u00dfe folgt<br>50968 K\u00f6ln<\/p>\n\n\n\n<p>Vereinsregister: xxxxx<br>Registergericht: Amtsgericht K\u00f6ln Nr. xx<\/p>\n\n\n\n<p><strong>Vertreten durch:<\/strong><br>Wolfgang Heimes (Pr\u00e4sident)<\/p>\n\n\n\n<h4 class=\"wp-block-heading\"><strong>Kontakt<\/strong><\/h4>\n\n\n\n<p>E-Mail: kontakt@fr\u00fcnde-vum-kb.koeln<\/p>\n\n\n\n<h4 class=\"wp-block-heading\"><strong>Umsatzsteuer-ID<\/strong><\/h4>\n\n\n\n<p>Steuernummer \u2013 Finanzamt K\u00f6ln gem\u00e4\u00df \u00a7 27 a Umsatzsteuergesetz:<br>xxx\/xxxx\/xxx<\/p>\n\n\n\n<h4 class=\"wp-block-heading\"><strong>Redaktionell verantwortlich<\/strong><\/h4>\n\n\n\n<p>Fr\u00fcnde vum Kluusterbr\u00e4ues e.V.<br>vertreten durch den gesch\u00e4ftsf\u00fchrenden Vorstand<\/p>\n\n\n\n<h4 class=\"wp-block-heading\"><strong>EU-Streitschlichtung<\/strong><\/h4>\n\n\n\n<p>Die Europ\u00e4ische Kommission stellt eine Plattform zur Online-Streitbeilegung (OS) bereit:&nbsp;<a href=\"https:\/\/ec.europa.eu\/consumers\/odr\/\" target=\"_blank\" rel=\"noreferrer noopener\">https:\/\/ec.europa.eu\/consumers\/odr\/<\/a>.<br>Unsere E-Mail-Adresse finden Sie oben im Impressum.<\/p>\n\n\n\n<h4 class=\"wp-block-heading\"><strong>Verbraucher\u00adstreit\u00adbeilegung\/Universal\u00adschlichtungs\u00adstelle<\/strong><\/h4>\n\n\n\n<p>Wir sind nicht bereit oder verpflichtet, an Streitbeilegungsverfahren vor einer Verbraucherschlichtungsstelle teilzunehmen.<\/p>\n\n\n\n<p><\/p>\n","protected":false},"excerpt":{"rendered":"<p>Vorl\u00e4ufiges Impressum bis zur Registrierung des Verein. Angaben gem\u00e4\u00df \u00a7 5 TMG Fr\u00fcnde vum Kluusterbr\u00e4ues e.V.Stra\u00dfe folgt50968 K\u00f6ln Vereinsregister: xxxxxRegistergericht: Amtsgericht K\u00f6ln Nr. xx Vertreten durch:Wolfgang Heimes (Pr\u00e4sident) Kontakt E-Mail: kontakt@fr\u00fcnde-vum-kb.koeln Umsatzsteuer-ID Steuernummer \u2013 Finanzamt K\u00f6ln gem\u00e4\u00df \u00a7 27 a Umsatzsteuergesetz:xxx\/xxxx\/xxx Redaktionell verantwortlich Fr\u00fcnde vum Kluusterbr\u00e4ues e.V.vertreten durch den gesch\u00e4ftsf\u00fchrenden Vorstand EU-Streitschlichtung Die Europ\u00e4ische Kommission &hellip; <\/p>\n<p class=\"link-more\"><a href=\"https:\/\/fr\u00fcnde-vum-kb.koeln\/?page_id=130\" class=\"more-link\"><span class=\"screen-reader-text\">\u201eImpressum\u201c <\/span>weiterlesen<\/a><\/p>\n","protected":false},"author":1,"featured_media":0,"parent":0,"menu_order":0,"comment_status":"closed","ping_status":"closed","template":"","meta":{"footnotes":""},"class_list":["post-130","page","type-page","status-publish","hentry"],"_links":{"self":[{"href":"https:\/\/fr\u00fcnde-vum-kb.koeln\/index.php?rest_route=\/wp\/v2\/pages\/130","targetHints":{"allow":["GET"]}}],"collection":[{"href":"https:\/\/fr\u00fcnde-vum-kb.koeln\/index.php?rest_route=\/wp\/v2\/pages"}],"about":[{"href":"https:\/\/fr\u00fcnde-vum-kb.koeln\/index.php?rest_route=\/wp\/v2\/types\/page"}],"author":[{"embeddable":true,"href":"https:\/\/fr\u00fcnde-vum-kb.koeln\/index.php?rest_route=\/wp\/v2\/users\/1"}],"replies":[{"embeddable":true,"href":"https:\/\/fr\u00fcnde-vum-kb.koeln\/index.php?rest_route=%2Fwp%2Fv2%2Fcomments&post=130"}],"version-history":[{"count":2,"href":"https:\/\/fr\u00fcnde-vum-kb.koeln\/index.php?rest_route=\/wp\/v2\/pages\/130\/revisions"}],"predecessor-version":[{"id":133,"href":"https:\/\/fr\u00fcnde-vum-kb.koeln\/index.php?rest_route=\/wp\/v2\/pages\/130\/revisions\/133"}],"wp:attachment":[{"href":"https:\/\/fr\u00fcnde-vum-kb.koeln\/index.php?rest_route=%2Fwp%2Fv2%2Fmedia&parent=130"}],"curies":[{"name":"wp","href":"https:\/\/api.w.org\/{rel}","templated":true}]}}